{"id":1142,"date":"2021-07-06T12:25:05","date_gmt":"2021-07-06T09:25:05","guid":{"rendered":"http:\/\/rb687631125.wpcomstaging.com\/?post_type=product&#038;p=1142"},"modified":"2024-02-10T01:36:05","modified_gmt":"2024-02-09T22:36:05","slug":"youtube-premium","status":"publish","type":"product","link":"https:\/\/3rb.ee\/ku\/youtube-premium","title":{"rendered":"Abonetiya Premium YouTube"},"content":{"rendered":"<p><img data-recalc-dims=\"1\" decoding=\"async\" src=\"https:\/\/i0.wp.com\/3rb.ee\/wp-content\/uploads\/2021\/07\/YTAD1.png?resize=1024%2C642&#038;ssl=1\" alt=\"\" width=\"1024\" height=\"642\" class=\"aligncenter size-full wp-image-1145\" srcset=\"https:\/\/i0.wp.com\/3rb.ee\/wp-content\/uploads\/2021\/07\/YTAD1.png?w=1024&amp;ssl=1 1024w, https:\/\/i0.wp.com\/3rb.ee\/wp-content\/uploads\/2021\/07\/YTAD1.png?resize=350%2C219&amp;ssl=1 350w, https:\/\/i0.wp.com\/3rb.ee\/wp-content\/uploads\/2021\/07\/YTAD1.png?resize=800%2C502&amp;ssl=1 800w, https:\/\/i0.wp.com\/3rb.ee\/wp-content\/uploads\/2021\/07\/YTAD1.png?resize=300%2C188&amp;ssl=1 300w, https:\/\/i0.wp.com\/3rb.ee\/wp-content\/uploads\/2021\/07\/YTAD1.png?resize=768%2C482&amp;ssl=1 768w, https:\/\/i0.wp.com\/3rb.ee\/wp-content\/uploads\/2021\/07\/YTAD1.png?resize=20%2C13&amp;ssl=1 20w\" sizes=\"(max-width: 1024px) 100vw, 1024px\" \/><br \/>\n<img data-recalc-dims=\"1\" decoding=\"async\" src=\"https:\/\/i0.wp.com\/3rb.ee\/wp-content\/uploads\/2021\/07\/YTAD2.png?resize=1024%2C539&#038;ssl=1\" alt=\"\" width=\"1024\" height=\"539\" class=\"aligncenter size-full wp-image-1146\" srcset=\"https:\/\/i0.wp.com\/3rb.ee\/wp-content\/uploads\/2021\/07\/YTAD2.png?w=1024&amp;ssl=1 1024w, https:\/\/i0.wp.com\/3rb.ee\/wp-content\/uploads\/2021\/07\/YTAD2.png?resize=350%2C184&amp;ssl=1 350w, https:\/\/i0.wp.com\/3rb.ee\/wp-content\/uploads\/2021\/07\/YTAD2.png?resize=800%2C421&amp;ssl=1 800w, https:\/\/i0.wp.com\/3rb.ee\/wp-content\/uploads\/2021\/07\/YTAD2.png?resize=300%2C158&amp;ssl=1 300w, https:\/\/i0.wp.com\/3rb.ee\/wp-content\/uploads\/2021\/07\/YTAD2.png?resize=768%2C404&amp;ssl=1 768w, https:\/\/i0.wp.com\/3rb.ee\/wp-content\/uploads\/2021\/07\/YTAD2.png?resize=20%2C11&amp;ssl=1 20w\" sizes=\"(max-width: 1024px) 100vw, 1024px\" \/><br \/>\n<img data-recalc-dims=\"1\" decoding=\"async\" src=\"https:\/\/i0.wp.com\/3rb.ee\/wp-content\/uploads\/2021\/07\/YTAD3-1.png?resize=1024%2C1284&#038;ssl=1\" alt=\"\" width=\"1024\" height=\"1284\" class=\"aligncenter size-full wp-image-1149\" srcset=\"https:\/\/i0.wp.com\/3rb.ee\/wp-content\/uploads\/2021\/07\/YTAD3-1.png?w=1024&amp;ssl=1 1024w, https:\/\/i0.wp.com\/3rb.ee\/wp-content\/uploads\/2021\/07\/YTAD3-1.png?resize=350%2C439&amp;ssl=1 350w, https:\/\/i0.wp.com\/3rb.ee\/wp-content\/uploads\/2021\/07\/YTAD3-1.png?resize=800%2C1003&amp;ssl=1 800w, https:\/\/i0.wp.com\/3rb.ee\/wp-content\/uploads\/2021\/07\/YTAD3-1.png?resize=239%2C300&amp;ssl=1 239w, https:\/\/i0.wp.com\/3rb.ee\/wp-content\/uploads\/2021\/07\/YTAD3-1.png?resize=817%2C1024&amp;ssl=1 817w, https:\/\/i0.wp.com\/3rb.ee\/wp-content\/uploads\/2021\/07\/YTAD3-1.png?resize=768%2C963&amp;ssl=1 768w, https:\/\/i0.wp.com\/3rb.ee\/wp-content\/uploads\/2021\/07\/YTAD3-1.png?resize=16%2C20&amp;ssl=1 16w\" sizes=\"(max-width: 1024px) 100vw, 1024px\" \/><\/p>\n<h2 style=\"text-align: center;\">YouTube Music - ser\u00eel\u00eadanek taybet\u00ee ya ji bo deng<\/h2>\n<div>\n<div style=\"left: 0; width: 100%; height: 0; position: relative; padding-bottom: 56.25%;\">\n<figure style=\"left: 0; width: 100%; height: 0; position: relative; padding-bottom: 56.25%; margin-block-end: 0; margin-block-start: 0; margin-inline-start: 0; margin-inline-end: 0;\" ><iframe src=\"https:\/\/stream.3rb.ee\/iframe\/oQDMY-GN4885UDgNYTn3VjP5raIocFkW\" scrolling=\"no\" style=\"border: 0; top: 0; left: 0; width: 100%; height: 100%; position: absolute; overflow:hidden; border-radius: 5px;\" allowfullscreen=\"1\" allow=\"autoplay\"><\/iframe><\/figure>\n<\/div>\n<\/div>\n<p><img data-recalc-dims=\"1\" decoding=\"async\" src=\"https:\/\/i0.wp.com\/3rb.ee\/wp-content\/uploads\/2021\/07\/YTAD3.png?resize=1024%2C680&#038;ssl=1\" alt=\"\" width=\"1024\" height=\"680\" class=\"aligncenter size-full wp-image-1147\" srcset=\"https:\/\/i0.wp.com\/3rb.ee\/wp-content\/uploads\/2021\/07\/YTAD3.png?w=1024&amp;ssl=1 1024w, https:\/\/i0.wp.com\/3rb.ee\/wp-content\/uploads\/2021\/07\/YTAD3.png?resize=350%2C232&amp;ssl=1 350w, https:\/\/i0.wp.com\/3rb.ee\/wp-content\/uploads\/2021\/07\/YTAD3.png?resize=800%2C531&amp;ssl=1 800w, https:\/\/i0.wp.com\/3rb.ee\/wp-content\/uploads\/2021\/07\/YTAD3.png?resize=300%2C199&amp;ssl=1 300w, https:\/\/i0.wp.com\/3rb.ee\/wp-content\/uploads\/2021\/07\/YTAD3.png?resize=768%2C510&amp;ssl=1 768w, https:\/\/i0.wp.com\/3rb.ee\/wp-content\/uploads\/2021\/07\/YTAD3.png?resize=20%2C13&amp;ssl=1 20w\" sizes=\"(max-width: 1024px) 100vw, 1024px\" \/><\/p>","protected":false},"excerpt":{"rendered":"YouTube Premium kar\u00fbbarek abonetiy\u00ea ye ku ji h\u00eala platforma v\u00eedyoya YouTube ya Google ve t\u00ea p\u00ea\u015fk\u00ea\u015f kirin. Kar\u00fbbar bi naverok\u00ea bi naverok\u00ea ve gihandina b\u00ea reklam peyda dike, \u00fb her weha kar\u00fbbar\u00ean premium \u00fb taybet\u00ee y\u00ean wek\u00ee vekirina naveroka kil\u00eetkir\u00ee ji bo kanal\u00ean ku h\u00fbn di\u015fop\u00eenin ji bil\u00ee naveroka hilber\u00eena YouTube Orj\u00eenal ku ji bo we b\u00eay\u00ee reklam hat\u00ee xwe\u015fkir\u00ee peyda dike. Ji bil\u00ee sepana deng\u00ee ya n\u00fbjen, YouTube Music, ji bo guhdar\u00eekirina hem\u00ee naveroka YouTube bi formek deng\u00ee \u00fb bi rastiyek c\u00fbda, b\u00ea reklam, ku we ji her bernamey\u00ean duyem\u00een d\u00fbr dixe ku h\u00fbn stranan guhdar\u00ee bikin.","protected":false},"featured_media":1144,"comment_status":"closed","ping_status":"closed","template":"","meta":{"_crdt_document":""},"product_brand":[],"product_cat":[743,759,15],"product_tag":[54,41,639],"class_list":{"0":"post-1142","1":"product","2":"type-product","3":"status-publish","4":"has-post-thumbnail","6":"product_cat-digital-services","7":"product_cat-upgrade","8":"product_cat-digital","9":"product_tag-54","10":"product_tag-41","11":"product_tag-streaming","13":"first","14":"instock","15":"sale","16":"purchasable","17":"product-type-variable","18":"has-default-attributes"},"_links":{"self":[{"href":"https:\/\/3rb.ee\/ku\/wp-json\/wp\/v2\/product\/1142","targetHints":{"allow":["GET"]}}],"collection":[{"href":"https:\/\/3rb.ee\/ku\/wp-json\/wp\/v2\/product"}],"about":[{"href":"https:\/\/3rb.ee\/ku\/wp-json\/wp\/v2\/types\/product"}],"replies":[{"embeddable":true,"href":"https:\/\/3rb.ee\/ku\/wp-json\/wp\/v2\/comments?post=1142"}],"wp:featuredmedia":[{"embeddable":true,"href":"https:\/\/3rb.ee\/ku\/wp-json\/wp\/v2\/media\/1144"}],"wp:attachment":[{"href":"https:\/\/3rb.ee\/ku\/wp-json\/wp\/v2\/media?parent=1142"}],"wp:term":[{"taxonomy":"product_brand","embeddable":true,"href":"https:\/\/3rb.ee\/ku\/wp-json\/wp\/v2\/product_brand?post=1142"},{"taxonomy":"product_cat","embeddable":true,"href":"https:\/\/3rb.ee\/ku\/wp-json\/wp\/v2\/product_cat?post=1142"},{"taxonomy":"product_tag","embeddable":true,"href":"https:\/\/3rb.ee\/ku\/wp-json\/wp\/v2\/product_tag?post=1142"}],"curies":[{"name":"wp","href":"https:\/\/api.w.org\/{rel}","templated":true}]}}