{"id":1359,"date":"2021-07-29T04:46:20","date_gmt":"2021-07-29T01:46:20","guid":{"rendered":"http:\/\/rb687631125.wpcomstaging.com\/?post_type=product&#038;p=1359"},"modified":"2024-02-10T01:36:05","modified_gmt":"2024-02-09T22:36:05","slug":"deezer","status":"publish","type":"product","link":"https:\/\/3rb.ee\/ku\/deezer","title":{"rendered":"Abonetiya Deezer Premium"},"content":{"rendered":"<p><img data-recalc-dims=\"1\" decoding=\"async\" class=\"alignnone size-full wp-image-1379\" src=\"https:\/\/i0.wp.com\/3rb.ee\/wp-content\/uploads\/2021\/07\/Deezer1.png?resize=1024%2C642&#038;ssl=1\" alt=\"\" width=\"1024\" height=\"642\" srcset=\"https:\/\/i0.wp.com\/3rb.ee\/wp-content\/uploads\/2021\/07\/Deezer1.png?w=1024&amp;ssl=1 1024w, https:\/\/i0.wp.com\/3rb.ee\/wp-content\/uploads\/2021\/07\/Deezer1.png?resize=350%2C219&amp;ssl=1 350w, https:\/\/i0.wp.com\/3rb.ee\/wp-content\/uploads\/2021\/07\/Deezer1.png?resize=800%2C502&amp;ssl=1 800w, https:\/\/i0.wp.com\/3rb.ee\/wp-content\/uploads\/2021\/07\/Deezer1.png?resize=300%2C188&amp;ssl=1 300w, https:\/\/i0.wp.com\/3rb.ee\/wp-content\/uploads\/2021\/07\/Deezer1.png?resize=768%2C482&amp;ssl=1 768w, https:\/\/i0.wp.com\/3rb.ee\/wp-content\/uploads\/2021\/07\/Deezer1.png?resize=20%2C13&amp;ssl=1 20w\" sizes=\"(max-width: 1024px) 100vw, 1024px\" \/><img data-recalc-dims=\"1\" decoding=\"async\" class=\"alignnone size-full wp-image-1380\" src=\"https:\/\/i0.wp.com\/3rb.ee\/wp-content\/uploads\/2021\/07\/Deezer2.png?resize=1024%2C539&#038;ssl=1\" alt=\"\" width=\"1024\" height=\"539\" srcset=\"https:\/\/i0.wp.com\/3rb.ee\/wp-content\/uploads\/2021\/07\/Deezer2.png?w=1024&amp;ssl=1 1024w, https:\/\/i0.wp.com\/3rb.ee\/wp-content\/uploads\/2021\/07\/Deezer2.png?resize=350%2C184&amp;ssl=1 350w, https:\/\/i0.wp.com\/3rb.ee\/wp-content\/uploads\/2021\/07\/Deezer2.png?resize=800%2C421&amp;ssl=1 800w, https:\/\/i0.wp.com\/3rb.ee\/wp-content\/uploads\/2021\/07\/Deezer2.png?resize=300%2C158&amp;ssl=1 300w, https:\/\/i0.wp.com\/3rb.ee\/wp-content\/uploads\/2021\/07\/Deezer2.png?resize=768%2C404&amp;ssl=1 768w, https:\/\/i0.wp.com\/3rb.ee\/wp-content\/uploads\/2021\/07\/Deezer2.png?resize=20%2C11&amp;ssl=1 20w\" sizes=\"(max-width: 1024px) 100vw, 1024px\" \/><img data-recalc-dims=\"1\" decoding=\"async\" class=\"alignnone size-full wp-image-1381\" src=\"https:\/\/i0.wp.com\/3rb.ee\/wp-content\/uploads\/2021\/07\/End.png?resize=1024%2C680&#038;ssl=1\" alt=\"\" width=\"1024\" height=\"680\" srcset=\"https:\/\/i0.wp.com\/3rb.ee\/wp-content\/uploads\/2021\/07\/End.png?w=1024&amp;ssl=1 1024w, https:\/\/i0.wp.com\/3rb.ee\/wp-content\/uploads\/2021\/07\/End.png?resize=350%2C232&amp;ssl=1 350w, https:\/\/i0.wp.com\/3rb.ee\/wp-content\/uploads\/2021\/07\/End.png?resize=800%2C531&amp;ssl=1 800w, https:\/\/i0.wp.com\/3rb.ee\/wp-content\/uploads\/2021\/07\/End.png?resize=300%2C199&amp;ssl=1 300w, https:\/\/i0.wp.com\/3rb.ee\/wp-content\/uploads\/2021\/07\/End.png?resize=768%2C510&amp;ssl=1 768w, https:\/\/i0.wp.com\/3rb.ee\/wp-content\/uploads\/2021\/07\/End.png?resize=20%2C13&amp;ssl=1 20w\" sizes=\"(max-width: 1024px) 100vw, 1024px\" \/><\/p>","protected":false},"excerpt":{"rendered":"Deezer kar\u00fbbar\u00ea we\u015fana muz\u00eek\u00ea ya yekem a c\u00eehan\u00ea ye, ku li ser hem\u00ee c\u00eehaz\u00ean we peyda dibe. Z\u00eadetir\u00ee 40 m\u00eelyon podcastan xwe\u015f bikin, hunermend\u00ean n\u00fb kif\u015f bikin \u00fb alb\u00fbm\u00ean xwey\u00ean bijare biwe\u015f\u00eenin. Deezer kar\u00fbbarek we\u015fana muz\u00eek\u00ea ya bingeh\u00een a abonetiy\u00ea ye. Deezer kar\u00fbbarek qan\u00fbn\u00ee ya we\u015fana muz\u00eek\u00ea ya serh\u00eal dide we ku dih\u00eale h\u00fbn li hunermend \u00fb stran\u00ean ku h\u00fbn j\u00ea hez dikin guhdar\u00ee bikin, an j\u00ee muz\u00eeka n\u00fb bib\u00eenin ku h\u00fbn j\u00ea k\u00eaf bikin. Bi qas\u00ee ku h\u00fbn dixwazin ji hunermend\u00ean xwey\u00ean bijare guhdar\u00ee bikin, an j\u00ee deng \u00fb muz\u00eekjen\u00ean n\u00fb kif\u015f bikin. Deezer ji \u00e7ar aliy\u00ean c\u00eehan\u00ea vebijarkek b\u00eahempa ya muz\u00eek\u00ea p\u00ea\u015fk\u00ea\u015f\u00ee we dike. Bi aboney\u00ean taybet\u00ee \u00fb daxist\u00ee y\u00ean ji ajans\u00ea Ereban re b\u00ea reklam\u00ean ku hem\u00ee taybetmendiy\u00ean plansaziy\u00ean drav didin we, h\u00fbn dikarin ji bo plansaziya Deezer Premium j\u00ee bi navg\u00eeniya n\u00fbner\u00ea Ereb qertek diyariy\u00ea ji hezkiriy\u00ean xwe li \u00e7araliy\u00ea c\u00eehan\u00ea re bi\u015f\u00eenin. Ev qerta diyariya d\u00eej\u00eetal d\u00ea bi m\u00eelyonan deng \u00fb bi hezaran l\u00eestey\u00ean l\u00eestik\u00ea li ser Deezer.com gihandina b\u00eas\u00eenor bide w\u00ea. Wek\u00ee qerta diyariya d\u00eej\u00eetal, gava ku ferman were pejirandin d\u00ea kod tavil\u00ea bi e-namey\u00ea ji wergir re were radest kirin.","protected":false},"featured_media":1378,"comment_status":"closed","ping_status":"closed","template":"","meta":{"_crdt_document":""},"product_brand":[],"product_cat":[743,759,15],"product_tag":[54,41,639],"class_list":{"0":"post-1359","1":"product","2":"type-product","3":"status-publish","4":"has-post-thumbnail","6":"product_cat-digital-services","7":"product_cat-upgrade","8":"product_cat-digital","9":"product_tag-54","10":"product_tag-41","11":"product_tag-streaming","13":"first","14":"outofstock","15":"sale","16":"downloadable","17":"virtual","18":"purchasable","19":"product-type-simple"},"_links":{"self":[{"href":"https:\/\/3rb.ee\/ku\/wp-json\/wp\/v2\/product\/1359","targetHints":{"allow":["GET"]}}],"collection":[{"href":"https:\/\/3rb.ee\/ku\/wp-json\/wp\/v2\/product"}],"about":[{"href":"https:\/\/3rb.ee\/ku\/wp-json\/wp\/v2\/types\/product"}],"replies":[{"embeddable":true,"href":"https:\/\/3rb.ee\/ku\/wp-json\/wp\/v2\/comments?post=1359"}],"wp:featuredmedia":[{"embeddable":true,"href":"https:\/\/3rb.ee\/ku\/wp-json\/wp\/v2\/media\/1378"}],"wp:attachment":[{"href":"https:\/\/3rb.ee\/ku\/wp-json\/wp\/v2\/media?parent=1359"}],"wp:term":[{"taxonomy":"product_brand","embeddable":true,"href":"https:\/\/3rb.ee\/ku\/wp-json\/wp\/v2\/product_brand?post=1359"},{"taxonomy":"product_cat","embeddable":true,"href":"https:\/\/3rb.ee\/ku\/wp-json\/wp\/v2\/product_cat?post=1359"},{"taxonomy":"product_tag","embeddable":true,"href":"https:\/\/3rb.ee\/ku\/wp-json\/wp\/v2\/product_tag?post=1359"}],"curies":[{"name":"wp","href":"https:\/\/api.w.org\/{rel}","templated":true}]}}