{"id":137,"date":"2021-03-31T22:42:07","date_gmt":"2021-03-31T19:42:07","guid":{"rendered":"rb687631125.wpcomstaging.com\/?post_type=product&#038;p=137"},"modified":"2021-05-11T21:34:34","modified_gmt":"2021-05-11T18:34:34","slug":"windows-server-2019-datacenter-key","status":"publish","type":"product","link":"https:\/\/3rb.ee\/ku\/windows-server-2019-datacenter-key","title":{"rendered":"Windows Server Datacenter"},"content":{"rendered":"<p>&nbsp;<\/p>\n<p>&nbsp;<\/p>","protected":false},"excerpt":{"rendered":"Mifteya akt\u00eefkirina Windows Server 2019, celeb\u00ea Datacenter, ji bo karan\u00eena heyat\u00ee \u00fb 12 mehan, n\u00fbvekirin\u00ean ewlehiy\u00ea y\u00ean n\u00fbvekir\u00ee, ji bo karan\u00eena li ser 2 c\u00eehazan (2 p\u00ea\u015fk\u00ea\u015fker) derbasdar e.\n&nbsp;","protected":false},"featured_media":603,"comment_status":"closed","ping_status":"closed","template":"","meta":{"_crdt_document":""},"product_brand":[],"product_cat":[53,15],"product_tag":[],"class_list":{"0":"post-137","1":"product","2":"type-product","3":"status-publish","4":"has-post-thumbnail","6":"product_cat-microsoft","7":"product_cat-digital","9":"first","10":"instock","11":"sale","12":"virtual","13":"sold-individually","14":"purchasable","15":"product-type-simple"},"_links":{"self":[{"href":"https:\/\/3rb.ee\/ku\/wp-json\/wp\/v2\/product\/137","targetHints":{"allow":["GET"]}}],"collection":[{"href":"https:\/\/3rb.ee\/ku\/wp-json\/wp\/v2\/product"}],"about":[{"href":"https:\/\/3rb.ee\/ku\/wp-json\/wp\/v2\/types\/product"}],"replies":[{"embeddable":true,"href":"https:\/\/3rb.ee\/ku\/wp-json\/wp\/v2\/comments?post=137"}],"wp:featuredmedia":[{"embeddable":true,"href":"https:\/\/3rb.ee\/ku\/wp-json\/wp\/v2\/media\/603"}],"wp:attachment":[{"href":"https:\/\/3rb.ee\/ku\/wp-json\/wp\/v2\/media?parent=137"}],"wp:term":[{"taxonomy":"product_brand","embeddable":true,"href":"https:\/\/3rb.ee\/ku\/wp-json\/wp\/v2\/product_brand?post=137"},{"taxonomy":"product_cat","embeddable":true,"href":"https:\/\/3rb.ee\/ku\/wp-json\/wp\/v2\/product_cat?post=137"},{"taxonomy":"product_tag","embeddable":true,"href":"https:\/\/3rb.ee\/ku\/wp-json\/wp\/v2\/product_tag?post=137"}],"curies":[{"name":"wp","href":"https:\/\/api.w.org\/{rel}","templated":true}]}}