{"id":155,"date":"2021-04-01T03:44:56","date_gmt":"2021-04-01T00:44:56","guid":{"rendered":"rb687631125.wpcomstaging.com\/?post_type=product&#038;p=155"},"modified":"2023-01-17T14:45:42","modified_gmt":"2023-01-17T11:45:42","slug":"windows-server-2019-essentials-key","status":"publish","type":"product","link":"https:\/\/3rb.ee\/ku\/windows-server-2019-essentials-key","title":{"rendered":"Essentials Server Windows"},"content":{"rendered":"","protected":false},"excerpt":{"rendered":"Curey\u00ea mifteya akt\u00eefkirina Windows Server 2019 ji bo karan\u00eena heyat\u00ee \u00fb 12 mehan n\u00fbvekirin\u00ean ewlehiy\u00ea y\u00ean n\u00fbvekir\u00ee Ji bo karan\u00eena li ser 2 c\u00eehazan (2 p\u00ea\u015fk\u00ea\u015fker) derbasdar e.\n&nbsp;","protected":false},"featured_media":603,"comment_status":"closed","ping_status":"closed","template":"","meta":{"_crdt_document":""},"product_brand":[],"product_cat":[15,53,79],"product_tag":[20,23],"class_list":{"0":"post-155","1":"product","2":"type-product","3":"status-publish","4":"has-post-thumbnail","6":"product_cat-digital","7":"product_cat-microsoft","8":"product_cat-product-keys","9":"product_tag-20","10":"product_tag-23","12":"first","13":"onbackorder","14":"sale","15":"virtual","16":"sold-individually","17":"purchasable","18":"product-type-simple"},"_links":{"self":[{"href":"https:\/\/3rb.ee\/ku\/wp-json\/wp\/v2\/product\/155","targetHints":{"allow":["GET"]}}],"collection":[{"href":"https:\/\/3rb.ee\/ku\/wp-json\/wp\/v2\/product"}],"about":[{"href":"https:\/\/3rb.ee\/ku\/wp-json\/wp\/v2\/types\/product"}],"replies":[{"embeddable":true,"href":"https:\/\/3rb.ee\/ku\/wp-json\/wp\/v2\/comments?post=155"}],"wp:featuredmedia":[{"embeddable":true,"href":"https:\/\/3rb.ee\/ku\/wp-json\/wp\/v2\/media\/603"}],"wp:attachment":[{"href":"https:\/\/3rb.ee\/ku\/wp-json\/wp\/v2\/media?parent=155"}],"wp:term":[{"taxonomy":"product_brand","embeddable":true,"href":"https:\/\/3rb.ee\/ku\/wp-json\/wp\/v2\/product_brand?post=155"},{"taxonomy":"product_cat","embeddable":true,"href":"https:\/\/3rb.ee\/ku\/wp-json\/wp\/v2\/product_cat?post=155"},{"taxonomy":"product_tag","embeddable":true,"href":"https:\/\/3rb.ee\/ku\/wp-json\/wp\/v2\/product_tag?post=155"}],"curies":[{"name":"wp","href":"https:\/\/api.w.org\/{rel}","templated":true}]}}