{"id":2036,"date":"2021-10-02T01:24:45","date_gmt":"2021-10-01T22:24:45","guid":{"rendered":"rb687631125.wpcomstaging.com\/?post_type=product&#038;p=2036"},"modified":"2022-12-19T22:38:02","modified_gmt":"2022-12-19T19:38:02","slug":"keepsolid","status":"publish","type":"product","link":"https:\/\/3rb.ee\/ku\/keepsolid","title":{"rendered":"KeepSolid VPN Qerta B\u00eas\u00eenor ji bo Jiyan\u00ea"},"content":{"rendered":"","protected":false},"excerpt":{"rendered":"Ma h\u00fbn p\u00eawendiyek \u00eenternet\u00ea ya taybet an Wi-Fi ya gelemper\u00ee bikar b\u00eenin, nepen\u00ee \u00fb ewlehiya weya serh\u00eal ne garant\u00ee ye. Bi v\u00ea \u00e7areseriya VPN Unlimited-a her\u00ee nirxdar, h\u00fbn dikarin bi ewleh\u00ee \u00fb nenasiya serh\u00eal ve kontrola jiyana xweya d\u00eej\u00eetal pa\u015fde bigirin. Ti tix\u00fbb\u00ean lez \u00fb berf\u00ea tune, ji ber v\u00ea yek\u00ea h\u00fbn \u00ea h\u00een j\u00ee ji leza ger\u00eedey\u00ea ya tevah\u00ee k\u00eaf\u00ea bist\u00eenin, b\u00eay\u00ee xeterey\u00ean ku h\u00fbn daney\u00ean xwe e\u015fkere bih\u00ealin an qedexey\u00ean erdn\u00eegar\u00ee y\u00ean li ser malper\u00ean li dervey\u00ee wel\u00eat werin dan\u00een. Z\u00eadetir\u00ee 10 m\u00eelyon xer\u00eedar li \u00e7araliy\u00ea c\u00eehan\u00ea parastina xwe ya serh\u00eal spartine KeepSolid VPN Unlimited, \u00fb nirxandin bi xwe diaxivin. W\u00ea li am\u00fbra ewlehiya s\u00eeber\u00ea xwe z\u00eade bikin, \u00fb ji hilbijarkek mezin a p\u00ea\u015fk\u00ea\u015fker\u00ean li \u00e7araliy\u00ea c\u00eehan\u00ea, celebek dewlemend a protokol\u00ean VPN, \u00fb h\u00eaj b\u00eatir k\u00eaf\u00ea bist\u00eenin da ku hackeran ji daney\u00ean wey\u00ean hesas d\u00fbr bixin!","protected":false},"featured_media":3509,"comment_status":"closed","ping_status":"closed","template":"","meta":{"_crdt_document":""},"product_brand":[],"product_cat":[15,93,849,92],"product_tag":[41,103,20,631],"class_list":{"0":"post-2036","1":"product","2":"type-product","3":"status-publish","4":"has-post-thumbnail","6":"product_cat-digital","7":"product_cat-giftcards","8":"product_cat------vpn","9":"product_cat-subscriptions","10":"product_tag-41","11":"product_tag-103","12":"product_tag-20","13":"product_tag-vpn","15":"first","16":"outofstock","17":"sale","18":"downloadable","19":"virtual","20":"purchasable","21":"product-type-simple"},"_links":{"self":[{"href":"https:\/\/3rb.ee\/ku\/wp-json\/wp\/v2\/product\/2036","targetHints":{"allow":["GET"]}}],"collection":[{"href":"https:\/\/3rb.ee\/ku\/wp-json\/wp\/v2\/product"}],"about":[{"href":"https:\/\/3rb.ee\/ku\/wp-json\/wp\/v2\/types\/product"}],"replies":[{"embeddable":true,"href":"https:\/\/3rb.ee\/ku\/wp-json\/wp\/v2\/comments?post=2036"}],"wp:featuredmedia":[{"embeddable":true,"href":"https:\/\/3rb.ee\/ku\/wp-json\/wp\/v2\/media\/3509"}],"wp:attachment":[{"href":"https:\/\/3rb.ee\/ku\/wp-json\/wp\/v2\/media?parent=2036"}],"wp:term":[{"taxonomy":"product_brand","embeddable":true,"href":"https:\/\/3rb.ee\/ku\/wp-json\/wp\/v2\/product_brand?post=2036"},{"taxonomy":"product_cat","embeddable":true,"href":"https:\/\/3rb.ee\/ku\/wp-json\/wp\/v2\/product_cat?post=2036"},{"taxonomy":"product_tag","embeddable":true,"href":"https:\/\/3rb.ee\/ku\/wp-json\/wp\/v2\/product_tag?post=2036"}],"curies":[{"name":"wp","href":"https:\/\/api.w.org\/{rel}","templated":true}]}}