{"id":2079,"date":"2021-10-07T04:09:52","date_gmt":"2021-10-07T01:09:52","guid":{"rendered":"http:\/\/rb687631125.wpcomstaging.com\/?post_type=product&#038;p=2079"},"modified":"2024-02-10T01:36:05","modified_gmt":"2024-02-09T22:36:05","slug":"iboplayer","status":"publish","type":"product","link":"https:\/\/3rb.ee\/ku\/iboplayer","title":{"rendered":"IBOPLAYER salane \u00e7alak bikin"},"content":{"rendered":"","protected":false},"excerpt":{"rendered":"Abonetiya xwe ya IBO PLAYER naha \u00e7alak bikin \u00fb akt\u00eevkirinek salane ya ku dikare di her k\u00ealiy\u00ea de bi navg\u00eeniya n\u00fbner\u00ea Ereb ve were n\u00fbve kirin bist\u00eenin. IBOIPTV ji DuplexPlay re alternat\u00eefek h\u00eaja ye ku naha h\u00fbn dikarin bi navg\u00eeniya proxeya Ereb\u00ee bixweber bi dan\u00eena NAV\u015eNANA MAC-a xwe di dema daxwaziya akt\u00eefkirin\u00ea de \u00e7alak bikin.","protected":false},"featured_media":2080,"comment_status":"closed","ping_status":"closed","template":"","meta":{"_crdt_document":""},"product_brand":[],"product_cat":[92,759,15],"product_tag":[41,639],"class_list":{"0":"post-2079","1":"product","2":"type-product","3":"status-publish","4":"has-post-thumbnail","6":"product_cat-subscriptions","7":"product_cat-upgrade","8":"product_cat-digital","9":"product_tag-41","10":"product_tag-streaming","12":"first","13":"instock","14":"sale","15":"downloadable","16":"virtual","17":"purchasable","18":"product-type-simple"},"_links":{"self":[{"href":"https:\/\/3rb.ee\/ku\/wp-json\/wp\/v2\/product\/2079","targetHints":{"allow":["GET"]}}],"collection":[{"href":"https:\/\/3rb.ee\/ku\/wp-json\/wp\/v2\/product"}],"about":[{"href":"https:\/\/3rb.ee\/ku\/wp-json\/wp\/v2\/types\/product"}],"replies":[{"embeddable":true,"href":"https:\/\/3rb.ee\/ku\/wp-json\/wp\/v2\/comments?post=2079"}],"wp:featuredmedia":[{"embeddable":true,"href":"https:\/\/3rb.ee\/ku\/wp-json\/wp\/v2\/media\/2080"}],"wp:attachment":[{"href":"https:\/\/3rb.ee\/ku\/wp-json\/wp\/v2\/media?parent=2079"}],"wp:term":[{"taxonomy":"product_brand","embeddable":true,"href":"https:\/\/3rb.ee\/ku\/wp-json\/wp\/v2\/product_brand?post=2079"},{"taxonomy":"product_cat","embeddable":true,"href":"https:\/\/3rb.ee\/ku\/wp-json\/wp\/v2\/product_cat?post=2079"},{"taxonomy":"product_tag","embeddable":true,"href":"https:\/\/3rb.ee\/ku\/wp-json\/wp\/v2\/product_tag?post=2079"}],"curies":[{"name":"wp","href":"https:\/\/api.w.org\/{rel}","templated":true}]}}