{"id":320,"date":"2021-04-15T12:59:12","date_gmt":"2021-04-15T09:59:12","guid":{"rendered":"rb687631125.wpcomstaging.com\/?post_type=product&#038;p=320"},"modified":"2021-05-07T01:36:59","modified_gmt":"2021-05-06T22:36:59","slug":"clipdiary-free-personal-lifetime-product-key","status":"publish","type":"product","link":"https:\/\/3rb.ee\/ku\/clipdiary-free-personal-lifetime-product-key","title":{"rendered":"Mifteya ClipDiary"},"content":{"rendered":"","protected":false},"excerpt":{"rendered":"ClipDiary bernameyek tev-di-yek e ku pispor e ku bi tevah\u00ee d\u00eeroka hilan\u00een\u00ea ya li ser c\u00eehaza weya Windows-\u00ea kontrol bike. D\u00eeroka clipboard-a xwe hil\u00eenin \u00fb ji n\u00fb ve bikar b\u00eenin r\u00eaveberek kurteya h\u00eazdar e, ji bil\u00ee v\u00ea yek\u00ea ew her daxwaziya daney\u00ea ya ku di\u00e7e pabloya Windows-\u00ea tomar dike, ku t\u00ea v\u00ea watey\u00ea ku h\u00fbn dikarin bi h\u00easan\u00ee her agahdariya ku carek\u00ea li kl\u00eepboarda demk\u00ee ya c\u00eehaza we hat\u00ee kop\u00ee kirin bist\u00eenin.","protected":false},"featured_media":321,"comment_status":"closed","ping_status":"closed","template":"","meta":{"_crdt_document":""},"product_brand":[],"product_cat":[15,79],"product_tag":[102,118,20],"class_list":{"0":"post-320","1":"product","2":"type-product","3":"status-publish","4":"has-post-thumbnail","6":"product_cat-digital","7":"product_cat-product-keys","8":"product_tag-ltd","9":"product_tag-118","10":"product_tag-20","12":"first","13":"instock","14":"sale","15":"featured","16":"virtual","17":"product-type-external"},"_links":{"self":[{"href":"https:\/\/3rb.ee\/ku\/wp-json\/wp\/v2\/product\/320","targetHints":{"allow":["GET"]}}],"collection":[{"href":"https:\/\/3rb.ee\/ku\/wp-json\/wp\/v2\/product"}],"about":[{"href":"https:\/\/3rb.ee\/ku\/wp-json\/wp\/v2\/types\/product"}],"replies":[{"embeddable":true,"href":"https:\/\/3rb.ee\/ku\/wp-json\/wp\/v2\/comments?post=320"}],"wp:featuredmedia":[{"embeddable":true,"href":"https:\/\/3rb.ee\/ku\/wp-json\/wp\/v2\/media\/321"}],"wp:attachment":[{"href":"https:\/\/3rb.ee\/ku\/wp-json\/wp\/v2\/media?parent=320"}],"wp:term":[{"taxonomy":"product_brand","embeddable":true,"href":"https:\/\/3rb.ee\/ku\/wp-json\/wp\/v2\/product_brand?post=320"},{"taxonomy":"product_cat","embeddable":true,"href":"https:\/\/3rb.ee\/ku\/wp-json\/wp\/v2\/product_cat?post=320"},{"taxonomy":"product_tag","embeddable":true,"href":"https:\/\/3rb.ee\/ku\/wp-json\/wp\/v2\/product_tag?post=320"}],"curies":[{"name":"wp","href":"https:\/\/api.w.org\/{rel}","templated":true}]}}