{"id":323,"date":"2021-04-16T10:36:23","date_gmt":"2021-04-16T07:36:23","guid":{"rendered":"rb687631125.wpcomstaging.com\/?post_type=product&#038;p=323"},"modified":"2021-05-02T19:17:18","modified_gmt":"2021-05-02T16:17:18","slug":"smm-tool-publer","status":"publish","type":"product","link":"https:\/\/3rb.ee\/ku\/smm-tool-publer","title":{"rendered":"Bela\u015f Am\u00fbra We\u015fan\u00ea Bubler"},"content":{"rendered":"<h2 style=\"text-align: center;\">Bubbler am\u00fbr\u00ea reklam\u00ea<\/h2>\n<div>\n<div style=\"left: 0; width: 100%; height: 0; position: relative; padding-bottom: 56.25%;\">\n<figure style=\"left: 0; width: 100%; height: 0; position: relative; padding-bottom: 56.25%; margin-block-end: 0; margin-block-start: 0; margin-inline-start: 0; margin-inline-end: 0;\"><iframe style=\"border: 0; top: 0; left: 0; width: 100%; height: 100%; position: absolute; overflow: hidden; border-radius: 5px;\" src=\"https:\/\/stream.3rb.ee\/iframe_test?id=JpjT8RhIYfWipUawzIC2pOyMTLtI50pK\" scrolling=\"no\" allowfullscreen=\"allowfullscreen\"><\/iframe><\/figure>\n<\/div>\n<\/div>\n<h2 style=\"text-align: center;\">\nRavekirina we\u015fana bi am\u00fbr\u00ea<\/h2>\n<div>\n<div style=\"left: 0; width: 100%; height: 0; position: relative; padding-bottom: 56.25%;\">\n<figure style=\"left: 0; width: 100%; height: 0; position: relative; padding-bottom: 56.25%; margin-block-end: 0; margin-block-start: 0; margin-inline-start: 0; margin-inline-end: 0;\"><iframe style=\"border: 0; top: 0; left: 0; width: 100%; height: 100%; position: absolute; overflow: hidden; border-radius: 5px;\" src=\"https:\/\/stream.3rb.ee\/iframe_test?id=StBr_aMq2s7PWpEaDbn5WH1ylN3MuIjK\" scrolling=\"no\" allowfullscreen=\"allowfullscreen\"><\/iframe><\/figure>\n<\/div>\n<\/div>","protected":false},"excerpt":{"rendered":"Bername, malper \u00fb am\u00fbrek Publer kar\u00fbbarek bi nav\u00ea SMM ye ku bi navg\u00eeniya w\u00ea h\u00fbn dikarin di hesab\u00ean xwe y\u00ean medya civak\u00ee de r\u00eavebirin \u00fb biwe\u015f\u00eenin. Ti\u015ft\u00ea ku ji h\u00eala am\u00fbra Poplar ve t\u00ea veqetandin, h\u00easaniya we\u015fankirin\u00ea, h\u00easankirina lihevkirin\u00ea \u00fb ar\u015f\u00eevkirin\u00ea ye. Ev kar\u00fbbar c\u00fbrbec\u00fbr taybetmendiy\u00ean ku di ti platformek din de nay\u00ean d\u00eetin dihew\u00eene, wek m\u00eenak \u015fiyana \u015fopandina hashtag \u00fb trendan ji bo bilindkirina dan\u00fbstendin\u00ea. we\u015fana we, an j\u00ee \u00eemkana dan\u00eena maf\u00ean otomat\u00eek\u00ee li ser w\u00eane \u00fb v\u00eedyoy\u00ean we, hashtag \u00fb \u00eemzey\u00ean ji bo we\u015fanan, an bersivek otomat\u00eek. Ji bo \u015f\u00eeroveyan an j\u00ee ji bo wergirtina ramanan ka h\u00fbn \u00ea \u00eero \u00e7i biwe\u015f\u00eenin \u00fb d\u00ea \u00e7i bi we re t\u00eakil\u00ee daynin.. Dibe ku ev am\u00fbr ji bo her kes\u00ea ku dixwaze hesab\u00ean xwe li ser medyaya civak\u00ee bi r\u00ea ve bibe xez\u00eeneyek h\u00eaja were hesibandin, nemaze ji ber ku wan ser\u00eel\u00eadan\u00ean t\u00ealefon\u00ea, malperek \u00fb p\u00eavek heye, ji bil\u00ee gerokek ku we dih\u00eale h\u00fbn b\u00eay\u00ee ku h\u00fbn t\u00eakevin malper an ser\u00eel\u00eadan\u00ea dema gerok\u00ea bi h\u00easan\u00ee biwe\u015f\u00eenin.","protected":false},"featured_media":324,"comment_status":"closed","ping_status":"closed","template":"","meta":{"_crdt_document":""},"product_brand":[],"product_cat":[92,94,15],"product_tag":[41,118],"class_list":{"0":"post-323","1":"product","2":"type-product","3":"status-publish","4":"has-post-thumbnail","6":"product_cat-subscriptions","7":"product_cat-saas","8":"product_cat-digital","9":"product_tag-41","10":"product_tag-118","12":"first","13":"instock","14":"featured","15":"virtual","16":"product-type-external"},"_links":{"self":[{"href":"https:\/\/3rb.ee\/ku\/wp-json\/wp\/v2\/product\/323","targetHints":{"allow":["GET"]}}],"collection":[{"href":"https:\/\/3rb.ee\/ku\/wp-json\/wp\/v2\/product"}],"about":[{"href":"https:\/\/3rb.ee\/ku\/wp-json\/wp\/v2\/types\/product"}],"replies":[{"embeddable":true,"href":"https:\/\/3rb.ee\/ku\/wp-json\/wp\/v2\/comments?post=323"}],"wp:featuredmedia":[{"embeddable":true,"href":"https:\/\/3rb.ee\/ku\/wp-json\/wp\/v2\/media\/324"}],"wp:attachment":[{"href":"https:\/\/3rb.ee\/ku\/wp-json\/wp\/v2\/media?parent=323"}],"wp:term":[{"taxonomy":"product_brand","embeddable":true,"href":"https:\/\/3rb.ee\/ku\/wp-json\/wp\/v2\/product_brand?post=323"},{"taxonomy":"product_cat","embeddable":true,"href":"https:\/\/3rb.ee\/ku\/wp-json\/wp\/v2\/product_cat?post=323"},{"taxonomy":"product_tag","embeddable":true,"href":"https:\/\/3rb.ee\/ku\/wp-json\/wp\/v2\/product_tag?post=323"}],"curies":[{"name":"wp","href":"https:\/\/api.w.org\/{rel}","templated":true}]}}