{"id":3470,"date":"2022-03-22T21:06:50","date_gmt":"2022-03-22T18:06:50","guid":{"rendered":"rb687631125.wpcomstaging.com\/?post_type=product&#038;p=3470"},"modified":"2026-04-08T22:57:48","modified_gmt":"2026-04-08T19:57:48","slug":"mullvad","status":"publish","type":"product","link":"https:\/\/3rb.ee\/ku\/mullvad","title":{"rendered":"Kart\u00ean Mullvad VPN (1 meh)"},"content":{"rendered":"","protected":false},"excerpt":{"rendered":"Mullvad VPN li ser text\u00ea \u00e7\u00eatir\u00een kar\u00fbbar\u00ea VPN-\u00ea li c\u00eehan\u00ea ye ku xema nepen\u00eetiy\u00ea dike, ji ber ku du ji wan xer\u00eedar\u00ean her\u00ee bih\u00eaz li c\u00eehan\u00ea hene, ango Firefox \u00fb parg\u00eedaniya Amer\u00eek\u00ee Malware Bytes.. Parg\u00eedaniya Al-Molled li Sw\u00ead\u00ea ye. Ba\u015f t\u00ea zan\u00een ku Sw\u00ead pi\u015ftgir\u00ee dide qan\u00fbn\u00eeb\u00fbna azadiya nepen\u00eetiy\u00ea ji ber ku ev kar\u00fbbar dest\u00fbr\u00ea dide te ku h\u00fbn 100% Daney\u00ean gerok\u00ea t\u00eakevin.","protected":false},"featured_media":3508,"comment_status":"closed","ping_status":"closed","template":"","meta":{"_crdt_document":""},"product_brand":[],"product_cat":[15,93,849,79],"product_tag":[806,631],"class_list":{"0":"post-3470","1":"product","2":"type-product","3":"status-publish","4":"has-post-thumbnail","6":"product_cat-digital","7":"product_cat-giftcards","8":"product_cat------vpn","9":"product_cat-product-keys","10":"product_tag-806","11":"product_tag-vpn","13":"first","14":"instock","15":"sale","16":"downloadable","17":"virtual","18":"purchasable","19":"product-type-simple"},"_links":{"self":[{"href":"https:\/\/3rb.ee\/ku\/wp-json\/wp\/v2\/product\/3470","targetHints":{"allow":["GET"]}}],"collection":[{"href":"https:\/\/3rb.ee\/ku\/wp-json\/wp\/v2\/product"}],"about":[{"href":"https:\/\/3rb.ee\/ku\/wp-json\/wp\/v2\/types\/product"}],"replies":[{"embeddable":true,"href":"https:\/\/3rb.ee\/ku\/wp-json\/wp\/v2\/comments?post=3470"}],"wp:featuredmedia":[{"embeddable":true,"href":"https:\/\/3rb.ee\/ku\/wp-json\/wp\/v2\/media\/3508"}],"wp:attachment":[{"href":"https:\/\/3rb.ee\/ku\/wp-json\/wp\/v2\/media?parent=3470"}],"wp:term":[{"taxonomy":"product_brand","embeddable":true,"href":"https:\/\/3rb.ee\/ku\/wp-json\/wp\/v2\/product_brand?post=3470"},{"taxonomy":"product_cat","embeddable":true,"href":"https:\/\/3rb.ee\/ku\/wp-json\/wp\/v2\/product_cat?post=3470"},{"taxonomy":"product_tag","embeddable":true,"href":"https:\/\/3rb.ee\/ku\/wp-json\/wp\/v2\/product_tag?post=3470"}],"curies":[{"name":"wp","href":"https:\/\/api.w.org\/{rel}","templated":true}]}}